{"id":411,"date":"2024-03-15T22:09:46","date_gmt":"2024-03-15T21:09:46","guid":{"rendered":"https:\/\/delfeno.fr\/?page_id=411"},"modified":"2024-03-15T23:25:35","modified_gmt":"2024-03-15T22:25:35","slug":"politique-cookies","status":"publish","type":"page","link":"https:\/\/delfeno.fr\/index.php\/politique-cookies\/","title":{"rendered":"Politique cookies"},"content":{"rendered":"\t\t<div data-elementor-type=\"wp-page\" data-elementor-id=\"411\" class=\"elementor elementor-411\">\n\t\t\t\t\t\t\t<header class=\"elementor-element elementor-element-6cc9bd8 e-con-full e-flex e-con e-parent\" data-id=\"6cc9bd8\" data-element_type=\"container\" data-settings=\"{&quot;content_width&quot;:&quot;full&quot;}\" data-core-v316-plus=\"true\">\n\t\t<div class=\"elementor-element elementor-element-3a528bc e-con-full e-flex e-con e-child\" data-id=\"3a528bc\" data-element_type=\"container\" data-settings=\"{&quot;content_width&quot;:&quot;full&quot;}\">\n\t\t\t\t<div class=\"elementor-element elementor-element-9f843f9 elementor-widget elementor-widget-heading\" data-id=\"9f843f9\" data-element_type=\"widget\" data-widget_type=\"heading.default\">\n\t\t\t\t<div class=\"elementor-widget-container\">\n\t\t\t<style>\/*! elementor - v3.18.0 - 20-12-2023 *\/\n.elementor-heading-title{padding:0;margin:0;line-height:1}.elementor-widget-heading .elementor-heading-title[class*=elementor-size-]>a{color:inherit;font-size:inherit;line-height:inherit}.elementor-widget-heading .elementor-heading-title.elementor-size-small{font-size:15px}.elementor-widget-heading .elementor-heading-title.elementor-size-medium{font-size:19px}.elementor-widget-heading .elementor-heading-title.elementor-size-large{font-size:29px}.elementor-widget-heading .elementor-heading-title.elementor-size-xl{font-size:39px}.elementor-widget-heading .elementor-heading-title.elementor-size-xxl{font-size:59px}<\/style><h3 class=\"elementor-heading-title elementor-size-default\">Politique cookies<\/h3>\t\t<\/div>\n\t\t\t\t<\/div>\n\t\t\t\t<\/div>\n\t\t\t\t<\/header>\n\t\t<div class=\"elementor-element elementor-element-d249932 e-flex e-con-boxed e-con e-parent\" data-id=\"d249932\" data-element_type=\"container\" data-settings=\"{&quot;content_width&quot;:&quot;boxed&quot;}\" data-core-v316-plus=\"true\">\n\t\t\t\t\t<div class=\"e-con-inner\">\n\t\t\t\t<div class=\"elementor-element elementor-element-88d6d57 elementor-widget elementor-widget-text-editor\" data-id=\"88d6d57\" data-element_type=\"widget\" data-widget_type=\"text-editor.default\">\n\t\t\t\t<div class=\"elementor-widget-container\">\n\t\t\t<style>\/*! elementor - v3.18.0 - 20-12-2023 *\/\n.elementor-widget-text-editor.elementor-drop-cap-view-stacked .elementor-drop-cap{background-color:#69727d;color:#fff}.elementor-widget-text-editor.elementor-drop-cap-view-framed .elementor-drop-cap{color:#69727d;border:3px solid;background-color:transparent}.elementor-widget-text-editor:not(.elementor-drop-cap-view-default) .elementor-drop-cap{margin-top:8px}.elementor-widget-text-editor:not(.elementor-drop-cap-view-default) .elementor-drop-cap-letter{width:1em;height:1em}.elementor-widget-text-editor .elementor-drop-cap{float:left;text-align:center;line-height:1;font-size:50px}.elementor-widget-text-editor .elementor-drop-cap-letter{display:inline-block}<\/style>\t\t\t\t<p>Politique cookies mise \u00e0 jour le 15\/03\/2024<\/p><p>Nous, Delfeno, soci\u00e9t\u00e9 sp\u00e9cialis\u00e9e dans la protection de donn\u00e9es, souhaitons \u00eatre totalement transparents sur la mani\u00e8re dont nous d\u00e9posons, utilisons et stockons des cookies sur votre appareil lorsque vous consultez notre site internet.<\/p>\t\t\t\t\t\t<\/div>\n\t\t\t\t<\/div>\n\t\t\t\t<div class=\"elementor-element elementor-element-50dbec1 elementor-widget elementor-widget-text-editor\" data-id=\"50dbec1\" data-element_type=\"widget\" data-widget_type=\"text-editor.default\">\n\t\t\t\t<div class=\"elementor-widget-container\">\n\t\t\t\t\t\t\t<h3><strong>1.\u00a0<\/strong>Qu\u2019est-ce qu\u2019un cookie\u00a0?<\/h3>\t\t\t\t\t\t<\/div>\n\t\t\t\t<\/div>\n\t\t\t\t<div class=\"elementor-element elementor-element-99a37a8 elementor-widget elementor-widget-text-editor\" data-id=\"99a37a8\" data-element_type=\"widget\" data-widget_type=\"text-editor.default\">\n\t\t\t\t<div class=\"elementor-widget-container\">\n\t\t\t\t\t\t\t<p>Un cookie est un petit fichier d\u00e9pos\u00e9 sur votre appareil (ordinateur, t\u00e9l\u00e9phone, etc.) lorsque vous visitez un site web.<\/p>\t\t\t\t\t\t<\/div>\n\t\t\t\t<\/div>\n\t\t\t\t<div class=\"elementor-element elementor-element-b433f6f elementor-widget elementor-widget-text-editor\" data-id=\"b433f6f\" data-element_type=\"widget\" data-widget_type=\"text-editor.default\">\n\t\t\t\t<div class=\"elementor-widget-container\">\n\t\t\t\t\t\t\t<h3><strong>2. <\/strong>A quoi sert un cookie\u00a0?<\/h3>\t\t\t\t\t\t<\/div>\n\t\t\t\t<\/div>\n\t\t\t\t<div class=\"elementor-element elementor-element-1da7a86 elementor-widget elementor-widget-text-editor\" data-id=\"1da7a86\" data-element_type=\"widget\" data-widget_type=\"text-editor.default\">\n\t\t\t\t<div class=\"elementor-widget-container\">\n\t\t\t\t\t\t\t<p>De mani\u00e8re g\u00e9n\u00e9rale, un cookie peut servir \u00e0\u00a0:<\/p><ul><li>G\u00e9rer l\u2019authentification et l\u2019identification des utilisateurs d\u2019un site web<\/li><li>Am\u00e9liorer la s\u00e9curit\u00e9 d\u2019un site web<\/li><li>Adresser de la publicit\u00e9 personnalis\u00e9e aux visiteurs<\/li><li>Suivre la mani\u00e8re dont le site est utilis\u00e9 afin de l\u2019am\u00e9liorer<\/li><li>Am\u00e9liorer l\u2019exp\u00e9rience utilisateur<\/li><li>Se souvenir d\u2019informations comme par exemple les produits mis dans un panier d\u2019achat<\/li><li>Enregistrer des pr\u00e9f\u00e9rences de navigation sur le site web comme par exemple une langue ou un fuseau horaire<\/li><\/ul>\t\t\t\t\t\t<\/div>\n\t\t\t\t<\/div>\n\t\t\t\t<div class=\"elementor-element elementor-element-f3169cb elementor-widget elementor-widget-text-editor\" data-id=\"f3169cb\" data-element_type=\"widget\" data-widget_type=\"text-editor.default\">\n\t\t\t\t<div class=\"elementor-widget-container\">\n\t\t\t\t\t\t\t<h3><strong><span style=\"font-size: 18.72px;\">3.\u00a0<\/span><\/strong>Quelle information peut \u00eatre stock\u00e9e dans un cookie\u00a0?<\/h3>\t\t\t\t\t\t<\/div>\n\t\t\t\t<\/div>\n\t\t\t\t<div class=\"elementor-element elementor-element-d3ba587 elementor-widget elementor-widget-text-editor\" data-id=\"d3ba587\" data-element_type=\"widget\" data-widget_type=\"text-editor.default\">\n\t\t\t\t<div class=\"elementor-widget-container\">\n\t\t\t\t\t\t\t<p>Un cookie peut notamment stocker :<\/p><ul><li>Les pages web visit\u00e9es<\/li><li>Les publicit\u00e9s sur lesquelles un visiteur a cliqu\u00e9<\/li><li>Le type de navigateur internet utilis\u00e9<\/li><li>L\u2019adresse IP du visiteur<\/li><li>Toute autre information fournie au site web par le visiteur<\/li><li>Des donn\u00e9es personnelles du visiteur<\/li><\/ul>\t\t\t\t\t\t<\/div>\n\t\t\t\t<\/div>\n\t\t\t\t<div class=\"elementor-element elementor-element-dc2426e elementor-widget elementor-widget-text-editor\" data-id=\"dc2426e\" data-element_type=\"widget\" data-widget_type=\"text-editor.default\">\n\t\t\t\t<div class=\"elementor-widget-container\">\n\t\t\t\t\t\t\t<h3><strong>4. <\/strong>Quels cookies utilisons nous et pour quel objectif\u00a0?<\/h3>\t\t\t\t\t\t<\/div>\n\t\t\t\t<\/div>\n\t\t\t\t<div class=\"elementor-element elementor-element-c0db7b6 elementor-widget elementor-widget-text-editor\" data-id=\"c0db7b6\" data-element_type=\"widget\" data-widget_type=\"text-editor.default\">\n\t\t\t\t<div class=\"elementor-widget-container\">\n\t\t\t\t\t\t\t<p>Le site <a href=\"http:\/\/www.delfeno.fr\">www.delfeno.fr<\/a> d\u00e9pose le cookie \u00ab\u00a0cookie_notice_accepted\u00a0\u00bb sur votre appareil lorsque vous cliquer sur le bouton \u00ab\u00a0OK\u00a0\u00bb du bandeau cookie ou si vous fermez celui-ci. Il indique que vous avez lu, ou que vous n\u2019avez pas lu, le message concernant la fa\u00e7on dont nous g\u00e9rons les cookies sur notre site web et celui-ci est strictement n\u00e9cessaire pour r\u00e9pondre \u00e0 nos obligations l\u00e9gales. Ce cookie est stock\u00e9 sur votre appareil pour une dur\u00e9e maximale de 6 mois.<\/p>\t\t\t\t\t\t<\/div>\n\t\t\t\t<\/div>\n\t\t\t\t\t<\/div>\n\t\t\t\t<\/div>\n\t\t\t\t\t\t\t<\/div>\n\t\t","protected":false},"excerpt":{"rendered":"<p>Politique cookies Politique cookies mise \u00e0 jour le 15\/03\/2024 Nous, Delfeno, soci\u00e9t\u00e9 sp\u00e9cialis\u00e9e dans la protection de donn\u00e9es, souhaitons \u00eatre totalement transparents sur la mani\u00e8re dont nous d\u00e9posons, utilisons et stockons des cookies sur votre appareil lorsque vous consultez notre site internet. 1.\u00a0Qu\u2019est-ce qu\u2019un cookie\u00a0? Un cookie est un petit fichier d\u00e9pos\u00e9 sur votre appareil [&hellip;]<\/p>\n","protected":false},"author":1,"featured_media":0,"parent":0,"menu_order":0,"comment_status":"closed","ping_status":"closed","template":"","meta":{"footnotes":""},"class_list":["post-411","page","type-page","status-publish","hentry","entry"],"yoast_head":"<!-- This site is optimized with the Yoast SEO plugin v21.7 - https:\/\/yoast.com\/wordpress\/plugins\/seo\/ -->\n<title>Politique cookies - Delfeno<\/title>\n<meta name=\"robots\" content=\"noindex, follow\" \/>\n<meta property=\"og:locale\" content=\"en_US\" \/>\n<meta property=\"og:type\" content=\"article\" \/>\n<meta property=\"og:title\" content=\"Politique cookies - Delfeno\" \/>\n<meta property=\"og:description\" content=\"Politique cookies Politique cookies mise \u00e0 jour le 15\/03\/2024 Nous, Delfeno, soci\u00e9t\u00e9 sp\u00e9cialis\u00e9e dans la protection de donn\u00e9es, souhaitons \u00eatre totalement transparents sur la mani\u00e8re dont nous d\u00e9posons, utilisons et stockons des cookies sur votre appareil lorsque vous consultez notre site internet. 1.\u00a0Qu\u2019est-ce qu\u2019un cookie\u00a0? Un cookie est un petit fichier d\u00e9pos\u00e9 sur votre appareil [&hellip;]\" \/>\n<meta property=\"og:url\" content=\"https:\/\/delfeno.fr\/index.php\/politique-cookies\/\" \/>\n<meta property=\"og:site_name\" content=\"Delfeno\" \/>\n<meta property=\"article:modified_time\" content=\"2024-03-15T22:25:35+00:00\" \/>\n<meta name=\"twitter:card\" content=\"summary_large_image\" \/>\n<meta name=\"twitter:label1\" content=\"Est. reading time\" \/>\n\t<meta name=\"twitter:data1\" content=\"2 minutes\" \/>\n<script type=\"application\/ld+json\" class=\"yoast-schema-graph\">{\"@context\":\"https:\/\/schema.org\",\"@graph\":[{\"@type\":\"WebPage\",\"@id\":\"https:\/\/delfeno.fr\/index.php\/politique-cookies\/\",\"url\":\"https:\/\/delfeno.fr\/index.php\/politique-cookies\/\",\"name\":\"Politique cookies - Delfeno\",\"isPartOf\":{\"@id\":\"https:\/\/delfeno.fr\/#website\"},\"datePublished\":\"2024-03-15T21:09:46+00:00\",\"dateModified\":\"2024-03-15T22:25:35+00:00\",\"breadcrumb\":{\"@id\":\"https:\/\/delfeno.fr\/index.php\/politique-cookies\/#breadcrumb\"},\"inLanguage\":\"en-US\",\"potentialAction\":[{\"@type\":\"ReadAction\",\"target\":[\"https:\/\/delfeno.fr\/index.php\/politique-cookies\/\"]}]},{\"@type\":\"BreadcrumbList\",\"@id\":\"https:\/\/delfeno.fr\/index.php\/politique-cookies\/#breadcrumb\",\"itemListElement\":[{\"@type\":\"ListItem\",\"position\":1,\"name\":\"Home\",\"item\":\"https:\/\/delfeno.fr\/\"},{\"@type\":\"ListItem\",\"position\":2,\"name\":\"Politique cookies\"}]},{\"@type\":\"WebSite\",\"@id\":\"https:\/\/delfeno.fr\/#website\",\"url\":\"https:\/\/delfeno.fr\/\",\"name\":\"Delfeno\",\"description\":\"Expert RGPD\",\"publisher\":{\"@id\":\"https:\/\/delfeno.fr\/#organization\"},\"potentialAction\":[{\"@type\":\"SearchAction\",\"target\":{\"@type\":\"EntryPoint\",\"urlTemplate\":\"https:\/\/delfeno.fr\/?s={search_term_string}\"},\"query-input\":\"required name=search_term_string\"}],\"inLanguage\":\"en-US\"},{\"@type\":\"Organization\",\"@id\":\"https:\/\/delfeno.fr\/#organization\",\"name\":\"Delfeno\",\"url\":\"https:\/\/delfeno.fr\/\",\"logo\":{\"@type\":\"ImageObject\",\"inLanguage\":\"en-US\",\"@id\":\"https:\/\/delfeno.fr\/#\/schema\/logo\/image\/\",\"url\":\"https:\/\/delfeno.fr\/wp-content\/uploads\/2023\/12\/cropped-Logo-bleu.png\",\"contentUrl\":\"https:\/\/delfeno.fr\/wp-content\/uploads\/2023\/12\/cropped-Logo-bleu.png\",\"width\":2960,\"height\":845,\"caption\":\"Delfeno\"},\"image\":{\"@id\":\"https:\/\/delfeno.fr\/#\/schema\/logo\/image\/\"}}]}<\/script>\n<!-- \/ Yoast SEO plugin. -->","yoast_head_json":{"title":"Politique cookies - Delfeno","robots":{"index":"noindex","follow":"follow"},"og_locale":"en_US","og_type":"article","og_title":"Politique cookies - Delfeno","og_description":"Politique cookies Politique cookies mise \u00e0 jour le 15\/03\/2024 Nous, Delfeno, soci\u00e9t\u00e9 sp\u00e9cialis\u00e9e dans la protection de donn\u00e9es, souhaitons \u00eatre totalement transparents sur la mani\u00e8re dont nous d\u00e9posons, utilisons et stockons des cookies sur votre appareil lorsque vous consultez notre site internet. 1.\u00a0Qu\u2019est-ce qu\u2019un cookie\u00a0? Un cookie est un petit fichier d\u00e9pos\u00e9 sur votre appareil [&hellip;]","og_url":"https:\/\/delfeno.fr\/index.php\/politique-cookies\/","og_site_name":"Delfeno","article_modified_time":"2024-03-15T22:25:35+00:00","twitter_card":"summary_large_image","twitter_misc":{"Est. reading time":"2 minutes"},"schema":{"@context":"https:\/\/schema.org","@graph":[{"@type":"WebPage","@id":"https:\/\/delfeno.fr\/index.php\/politique-cookies\/","url":"https:\/\/delfeno.fr\/index.php\/politique-cookies\/","name":"Politique cookies - Delfeno","isPartOf":{"@id":"https:\/\/delfeno.fr\/#website"},"datePublished":"2024-03-15T21:09:46+00:00","dateModified":"2024-03-15T22:25:35+00:00","breadcrumb":{"@id":"https:\/\/delfeno.fr\/index.php\/politique-cookies\/#breadcrumb"},"inLanguage":"en-US","potentialAction":[{"@type":"ReadAction","target":["https:\/\/delfeno.fr\/index.php\/politique-cookies\/"]}]},{"@type":"BreadcrumbList","@id":"https:\/\/delfeno.fr\/index.php\/politique-cookies\/#breadcrumb","itemListElement":[{"@type":"ListItem","position":1,"name":"Home","item":"https:\/\/delfeno.fr\/"},{"@type":"ListItem","position":2,"name":"Politique cookies"}]},{"@type":"WebSite","@id":"https:\/\/delfeno.fr\/#website","url":"https:\/\/delfeno.fr\/","name":"Delfeno","description":"Expert RGPD","publisher":{"@id":"https:\/\/delfeno.fr\/#organization"},"potentialAction":[{"@type":"SearchAction","target":{"@type":"EntryPoint","urlTemplate":"https:\/\/delfeno.fr\/?s={search_term_string}"},"query-input":"required name=search_term_string"}],"inLanguage":"en-US"},{"@type":"Organization","@id":"https:\/\/delfeno.fr\/#organization","name":"Delfeno","url":"https:\/\/delfeno.fr\/","logo":{"@type":"ImageObject","inLanguage":"en-US","@id":"https:\/\/delfeno.fr\/#\/schema\/logo\/image\/","url":"https:\/\/delfeno.fr\/wp-content\/uploads\/2023\/12\/cropped-Logo-bleu.png","contentUrl":"https:\/\/delfeno.fr\/wp-content\/uploads\/2023\/12\/cropped-Logo-bleu.png","width":2960,"height":845,"caption":"Delfeno"},"image":{"@id":"https:\/\/delfeno.fr\/#\/schema\/logo\/image\/"}}]}},"_links":{"self":[{"href":"https:\/\/delfeno.fr\/index.php\/wp-json\/wp\/v2\/pages\/411","targetHints":{"allow":["GET"]}}],"collection":[{"href":"https:\/\/delfeno.fr\/index.php\/wp-json\/wp\/v2\/pages"}],"about":[{"href":"https:\/\/delfeno.fr\/index.php\/wp-json\/wp\/v2\/types\/page"}],"author":[{"embeddable":true,"href":"https:\/\/delfeno.fr\/index.php\/wp-json\/wp\/v2\/users\/1"}],"replies":[{"embeddable":true,"href":"https:\/\/delfeno.fr\/index.php\/wp-json\/wp\/v2\/comments?post=411"}],"version-history":[{"count":7,"href":"https:\/\/delfeno.fr\/index.php\/wp-json\/wp\/v2\/pages\/411\/revisions"}],"predecessor-version":[{"id":419,"href":"https:\/\/delfeno.fr\/index.php\/wp-json\/wp\/v2\/pages\/411\/revisions\/419"}],"wp:attachment":[{"href":"https:\/\/delfeno.fr\/index.php\/wp-json\/wp\/v2\/media?parent=411"}],"curies":[{"name":"wp","href":"https:\/\/api.w.org\/{rel}","templated":true}]}}