{"id":356,"date":"2024-02-12T22:16:12","date_gmt":"2024-02-12T21:16:12","guid":{"rendered":"https:\/\/delfeno.fr\/?page_id=356"},"modified":"2024-03-15T23:25:53","modified_gmt":"2024-03-15T22:25:53","slug":"politique-de-confidentialite-2","status":"publish","type":"page","link":"https:\/\/delfeno.fr\/index.php\/politique-de-confidentialite-2\/","title":{"rendered":"Politique de confidentialit\u00e9"},"content":{"rendered":"\t\t<div data-elementor-type=\"wp-page\" data-elementor-id=\"356\" class=\"elementor elementor-356\">\n\t\t\t\t\t\t\t<header class=\"elementor-element elementor-element-44eaf1d5 e-con-full e-flex e-con e-parent\" data-id=\"44eaf1d5\" data-element_type=\"container\" data-settings=\"{&quot;content_width&quot;:&quot;full&quot;}\" data-core-v316-plus=\"true\">\n\t\t<div class=\"elementor-element elementor-element-3fd49c31 e-con-full e-flex e-con e-child\" data-id=\"3fd49c31\" data-element_type=\"container\" data-settings=\"{&quot;content_width&quot;:&quot;full&quot;}\">\n\t\t\t\t<div class=\"elementor-element elementor-element-a4f0b1a elementor-widget elementor-widget-heading\" data-id=\"a4f0b1a\" data-element_type=\"widget\" data-widget_type=\"heading.default\">\n\t\t\t\t<div class=\"elementor-widget-container\">\n\t\t\t<style>\/*! elementor - v3.18.0 - 20-12-2023 *\/\n.elementor-heading-title{padding:0;margin:0;line-height:1}.elementor-widget-heading .elementor-heading-title[class*=elementor-size-]>a{color:inherit;font-size:inherit;line-height:inherit}.elementor-widget-heading .elementor-heading-title.elementor-size-small{font-size:15px}.elementor-widget-heading .elementor-heading-title.elementor-size-medium{font-size:19px}.elementor-widget-heading .elementor-heading-title.elementor-size-large{font-size:29px}.elementor-widget-heading .elementor-heading-title.elementor-size-xl{font-size:39px}.elementor-widget-heading .elementor-heading-title.elementor-size-xxl{font-size:59px}<\/style><h3 class=\"elementor-heading-title elementor-size-default\">Politique de confidentialit\u00e9<\/h3>\t\t<\/div>\n\t\t\t\t<\/div>\n\t\t\t\t<\/div>\n\t\t\t\t<\/header>\n\t\t<div class=\"elementor-element elementor-element-b1caab5 e-flex e-con-boxed e-con e-parent\" data-id=\"b1caab5\" data-element_type=\"container\" data-settings=\"{&quot;content_width&quot;:&quot;boxed&quot;}\" data-core-v316-plus=\"true\">\n\t\t\t\t\t<div class=\"e-con-inner\">\n\t\t\t\t<div class=\"elementor-element elementor-element-0cbf9b9 elementor-widget elementor-widget-text-editor\" data-id=\"0cbf9b9\" data-element_type=\"widget\" data-widget_type=\"text-editor.default\">\n\t\t\t\t<div class=\"elementor-widget-container\">\n\t\t\t<style>\/*! elementor - v3.18.0 - 20-12-2023 *\/\n.elementor-widget-text-editor.elementor-drop-cap-view-stacked .elementor-drop-cap{background-color:#69727d;color:#fff}.elementor-widget-text-editor.elementor-drop-cap-view-framed .elementor-drop-cap{color:#69727d;border:3px solid;background-color:transparent}.elementor-widget-text-editor:not(.elementor-drop-cap-view-default) .elementor-drop-cap{margin-top:8px}.elementor-widget-text-editor:not(.elementor-drop-cap-view-default) .elementor-drop-cap-letter{width:1em;height:1em}.elementor-widget-text-editor .elementor-drop-cap{float:left;text-align:center;line-height:1;font-size:50px}.elementor-widget-text-editor .elementor-drop-cap-letter{display:inline-block}<\/style>\t\t\t\t<p>Politique de confidentialit\u00e9 mise \u00e0 jour le 12\/02\/2024<\/p><p><span style=\"font-size: 14px; color: var( --e-global-color-text ); text-align: var(--text-align);\">Identit\u00e9 du responsable de traitement\u00a0: DELFENO<\/span><\/p><p>Coordonn\u00e9es du responsable de traitement : 2 rue Jeanne Blanchot 77590 Bois le Roi<\/p>\t\t\t\t\t\t<\/div>\n\t\t\t\t<\/div>\n\t\t\t\t<div class=\"elementor-element elementor-element-e95590b elementor-widget elementor-widget-text-editor\" data-id=\"e95590b\" data-element_type=\"widget\" data-widget_type=\"text-editor.default\">\n\t\t\t\t<div class=\"elementor-widget-container\">\n\t\t\t\t\t\t\t<h3><strong>1. Personnes concern\u00e9es par cette politique de confidentialit\u00e9<\/strong><\/h3>\t\t\t\t\t\t<\/div>\n\t\t\t\t<\/div>\n\t\t\t\t<div class=\"elementor-element elementor-element-2a750ff elementor-widget elementor-widget-text-editor\" data-id=\"2a750ff\" data-element_type=\"widget\" data-widget_type=\"text-editor.default\">\n\t\t\t\t<div class=\"elementor-widget-container\">\n\t\t\t\t\t\t\t<p>Delfeno (\u00ab\u00a0Nous\u00a0\u00bb), en tant que responsable de traitement, est responsable de la collecte et du traitement de vos donn\u00e9es personnelles dans le cadre de ses activit\u00e9s d\u2019accompagnement des entreprises dans\u00a0:<\/p><ul><li>leur mise en conformit\u00e9 au R\u00e8glement G\u00e9n\u00e9ral sur la Protection des Donn\u00e9es.<\/li><li>la gestion de leurs donn\u00e9es dans leur(s) syst\u00e8me(s) d\u2019information<\/li><\/ul><p>L\u2019objectif de cette politique de confidentialit\u00e9 est de vous expliquer comment nous traitons vos donn\u00e9es personnelles et comment vous pouvez les contr\u00f4ler et les g\u00e9rer.<\/p><p>Des informations compl\u00e9mentaires peuvent \u00e9galement vous \u00eatre communiqu\u00e9es au moment de la collecte de vos donn\u00e9es personnelles.<\/p><p>En tant que professionnel, vous \u00eates concern\u00e9s par cette politique de confidentialit\u00e9 si vous \u00eates (\u00ab\u00a0Vous\u00a0\u00bb) :<\/p><ul><li>un de nos clients, un de leurs repr\u00e9sentants ou un de leurs salari\u00e9s<\/li><li>un de nos partenaires, un de leurs repr\u00e9sentants ou un de leurs salari\u00e9s<\/li><li>un de nos fournisseurs, un de leurs repr\u00e9sentants ou un de leurs salari\u00e9s<\/li><li>une personne susceptible d\u2019\u00eatre int\u00e9ress\u00e9e par nos services dans le cadre de ses activit\u00e9s professionnelles<\/li><\/ul>\t\t\t\t\t\t<\/div>\n\t\t\t\t<\/div>\n\t\t\t\t<div class=\"elementor-element elementor-element-c4da5f2 elementor-widget elementor-widget-text-editor\" data-id=\"c4da5f2\" data-element_type=\"widget\" data-widget_type=\"text-editor.default\">\n\t\t\t\t<div class=\"elementor-widget-container\">\n\t\t\t\t\t\t\t<h3><strong>2. Vos droits sur vos donn\u00e9es personnelles<\/strong><\/h3>\t\t\t\t\t\t<\/div>\n\t\t\t\t<\/div>\n\t\t\t\t<div class=\"elementor-element elementor-element-ccdb8f9 elementor-widget elementor-widget-text-editor\" data-id=\"ccdb8f9\" data-element_type=\"widget\" data-widget_type=\"text-editor.default\">\n\t\t\t\t<div class=\"elementor-widget-container\">\n\t\t\t\t\t\t\t<p>Le R\u00e8glement G\u00e9n\u00e9ral sur la Protection des Donn\u00e9es (\u00ab\u00a0RGPD\u00a0\u00bb) vous donne des droits qui vous permettent d\u2019avoir un contr\u00f4le significatif sur vos donn\u00e9es personnelles et sur la fa\u00e7on dont nous les traitons. Si vous souhaitez faire valoir ces droits, merci d\u2019utiliser le formulaire\u00a0<a href=\"https:\/\/delfeno.fr\/#contact\" target=\"_blank\" rel=\"noopener\">ici\u00a0<\/a>ou d\u2019envoyer un courrier au 2 rue Jeanne Blanchot 77590 Bois le Roi. Ces droits vous sont expliquer ci-dessous.<\/p><p><strong>Votre droit d\u2019acc\u00e8s<\/strong>\u00a0: vous pouvez nous demander les donn\u00e9es que nous d\u00e9tenons sur vous. Ainsi, nous vous fournirons une copie de vos donn\u00e9es personnelles.<\/p><p><strong>Votre droit de rectification<\/strong>\u00a0: vous pouvez demander la modification de vos donn\u00e9es personnelles si vous consid\u00e9rez qu\u2019elles sont inexactes.<\/p><p><strong>Votre droit \u00e0 l\u2019effacement ou droit \u00e0 l\u2019oubli<\/strong>\u00a0: vous pouvez nous demander d\u2019effacer vos donn\u00e9es personnelles dans les limites autoris\u00e9es par la loi.<\/p><p><strong>Votre droit d\u2019opposition<\/strong>\u00a0: vous pouvez vous opposer au traitement de vos donn\u00e9es personnelles lorsque celui-ci est fond\u00e9 sur notre int\u00e9r\u00eat l\u00e9gitime. Ainsi, nous arr\u00eaterons de traiter vos donn\u00e9es personnelles pour nos objectifs.<\/p><p><strong>Votre droit d\u2019opposition sur la prospection commerciale<\/strong>\u00a0: vous pouvez nous demander d\u2019arr\u00eater la prospection commerciale \u00e0 votre \u00e9gard et ce sans condition.<\/p><p><strong>Votre droit \u00e0 la limitation<\/strong>\u00a0: vous pouvez nous demander de suspendre le traitement de vos donn\u00e9es personnelles\u00a0:<\/p><ul><li>pendant le d\u00e9lai o\u00f9 nous aurions besoin de proc\u00e9der \u00e0 des v\u00e9rifications lors de votre demande de rectification de vos donn\u00e9es ou<\/li><li>pendant le d\u00e9lai o\u00f9 nous aurions besoin d\u2019examiner votre demande d\u2019opposition.<\/li><\/ul><p><strong>Votre droit face \u00e0 une d\u00e9cision automatis\u00e9e<\/strong>\u00a0: vous avez le droit de ne pas faire l\u2019objet d\u2019une d\u00e9cision enti\u00e8rement automatis\u00e9e fond\u00e9e sur un profilage ou non qui a un effet juridique ou vous affecte de mani\u00e8re significative. Pour votre information, nous ne r\u00e9alisons pas ni traitement aboutissant \u00e0 une d\u00e9cision automatis\u00e9e ni profilage.<\/p><p><strong>Votre droit de retrait de votre accord<\/strong>\u00a0: si nous vous avions demand\u00e9 votre accord pour un traitement de vos donn\u00e9es personnelles et que vous nous l\u2019aviez effectivement donn\u00e9, vous avez aussi le droit de le retirer \u00e0 tout moment.<\/p><p><strong>Votre droit \u00e0 la portabilit\u00e9\u00a0:<\/strong> vous pouvez nous demander de vous fournir une copie d\u2019une partie de vos donn\u00e9es personnelles dans un format structur\u00e9, couramment utilis\u00e9 et lisible par machine.<\/p><p><strong>Votre droit de d\u00e9poser une plainte<\/strong>\u00a0: en plus des droits mentionn\u00e9s ci-dessus, vous pouvez d\u00e9poser une plainte aupr\u00e8s de la Commission National de l\u2019Informatique et des Libert\u00e9s (CNIL). Cette plainte peut se faire \u00e0 l\u2019adresse suivante\u00a0: <a href=\"https:\/\/www.cnil.fr\/fr\/plaintes\">https:\/\/www.cnil.fr\/fr\/plaintes<\/a><\/p>\t\t\t\t\t\t<\/div>\n\t\t\t\t<\/div>\n\t\t\t\t<div class=\"elementor-element elementor-element-f15acbe elementor-widget elementor-widget-text-editor\" data-id=\"f15acbe\" data-element_type=\"widget\" data-widget_type=\"text-editor.default\">\n\t\t\t\t<div class=\"elementor-widget-container\">\n\t\t\t\t\t\t\t<h3><strong><span style=\"font-size: 18.72px;\">3. <\/span>Traitement de vos donn\u00e9es personnelles, fondements juridiques et dur\u00e9es de conservation<\/strong><\/h3>\t\t\t\t\t\t<\/div>\n\t\t\t\t<\/div>\n\t\t\t\t<div class=\"elementor-element elementor-element-af55ecf elementor-widget elementor-widget-text-editor\" data-id=\"af55ecf\" data-element_type=\"widget\" data-widget_type=\"text-editor.default\">\n\t\t\t\t<div class=\"elementor-widget-container\">\n\t\t\t\t\t\t\t<p class=\"MsoNormal\">L\u2019objectif de cette section est de vous expliquer les\ntraitements que nous r\u00e9alisons sur vos donn\u00e9es personnelles, les fondements\njuridiques sur lesquels ils reposent et combien de temps nous conservons vos\ndonn\u00e9es.<o:p><\/o:p><\/p>\t\t\t\t\t\t<\/div>\n\t\t\t\t<\/div>\n\t\t\t\t<div class=\"elementor-element elementor-element-ca92127 elementor-widget elementor-widget-image\" data-id=\"ca92127\" data-element_type=\"widget\" data-widget_type=\"image.default\">\n\t\t\t\t<div class=\"elementor-widget-container\">\n\t\t\t<style>\/*! elementor - v3.18.0 - 20-12-2023 *\/\n.elementor-widget-image{text-align:center}.elementor-widget-image a{display:inline-block}.elementor-widget-image a img[src$=\".svg\"]{width:48px}.elementor-widget-image img{vertical-align:middle;display:inline-block}<\/style>\t\t\t\t\t\t\t\t\t\t\t\t<img fetchpriority=\"high\" decoding=\"async\" width=\"1024\" height=\"389\" src=\"https:\/\/delfeno.fr\/wp-content\/uploads\/2024\/02\/Finalites_obligations_legales-1024x389.jpg\" class=\"attachment-large size-large wp-image-384\" alt=\"\" srcset=\"https:\/\/delfeno.fr\/wp-content\/uploads\/2024\/02\/Finalites_obligations_legales-1024x389.jpg 1024w, https:\/\/delfeno.fr\/wp-content\/uploads\/2024\/02\/Finalites_obligations_legales-300x114.jpg 300w, https:\/\/delfeno.fr\/wp-content\/uploads\/2024\/02\/Finalites_obligations_legales-768x291.jpg 768w, https:\/\/delfeno.fr\/wp-content\/uploads\/2024\/02\/Finalites_obligations_legales-1536x583.jpg 1536w, https:\/\/delfeno.fr\/wp-content\/uploads\/2024\/02\/Finalites_obligations_legales.jpg 1684w\" sizes=\"(max-width: 1024px) 100vw, 1024px\" \/>\t\t\t\t\t\t\t\t\t\t\t\t\t\t\t<\/div>\n\t\t\t\t<\/div>\n\t\t\t\t<div class=\"elementor-element elementor-element-04f51ef elementor-widget elementor-widget-image\" data-id=\"04f51ef\" data-element_type=\"widget\" data-widget_type=\"image.default\">\n\t\t\t\t<div class=\"elementor-widget-container\">\n\t\t\t\t\t\t\t\t\t\t\t\t\t\t\t<img decoding=\"async\" width=\"1024\" height=\"565\" src=\"https:\/\/delfeno.fr\/wp-content\/uploads\/2024\/02\/Finalites_interets_legitimes-1024x565.jpg\" class=\"attachment-large size-large wp-image-388\" alt=\"\" srcset=\"https:\/\/delfeno.fr\/wp-content\/uploads\/2024\/02\/Finalites_interets_legitimes-1024x565.jpg 1024w, https:\/\/delfeno.fr\/wp-content\/uploads\/2024\/02\/Finalites_interets_legitimes-300x165.jpg 300w, https:\/\/delfeno.fr\/wp-content\/uploads\/2024\/02\/Finalites_interets_legitimes-768x424.jpg 768w, https:\/\/delfeno.fr\/wp-content\/uploads\/2024\/02\/Finalites_interets_legitimes-1536x847.jpg 1536w, https:\/\/delfeno.fr\/wp-content\/uploads\/2024\/02\/Finalites_interets_legitimes.jpg 1684w\" sizes=\"(max-width: 1024px) 100vw, 1024px\" \/>\t\t\t\t\t\t\t\t\t\t\t\t\t\t\t<\/div>\n\t\t\t\t<\/div>\n\t\t\t\t<div class=\"elementor-element elementor-element-1a3fd85 elementor-widget elementor-widget-text-editor\" data-id=\"1a3fd85\" data-element_type=\"widget\" data-widget_type=\"text-editor.default\">\n\t\t\t\t<div class=\"elementor-widget-container\">\n\t\t\t\t\t\t\t<p>Lorsque nous r\u00e9alisons un traitement sur le fondement juridique de l\u2019int\u00e9r\u00eat l\u00e9gitime, nous op\u00e9rons une balance entre nos int\u00e9r\u00eats, les v\u00f4tres et vos libert\u00e9s et droits fondamentaux pour nous assurer qu\u2019il y a un juste \u00e9quilibre entre ceux-ci.<\/p><p>Ainsi, nous estimons que nous avons un int\u00e9r\u00eat l\u00e9gitime \u00e0 r\u00e9aliser ces traitements car il en va de l\u2019essence m\u00eame de l\u2019activit\u00e9 de notre soci\u00e9t\u00e9. Nous estimons \u00e9galement que vous vous attendez raisonnablement \u00e0 ce que nous traitions vos donn\u00e9es personnelles dans le cadre de vos activit\u00e9s professionnelles en lien avec les n\u00f4tres.<\/p><p>La collecte des informations mentionn\u00e9es dans les tableaux ci-dessus est n\u00e9cessaire \u00e0 la r\u00e9alisation des traitements. Sans ces informations, nous aurions des difficult\u00e9s voire nous serions dans l\u2019impossibilit\u00e9 de vous fournir les services demand\u00e9s.<\/p>\t\t\t\t\t\t<\/div>\n\t\t\t\t<\/div>\n\t\t\t\t<div class=\"elementor-element elementor-element-6c7bdc3 elementor-widget elementor-widget-text-editor\" data-id=\"6c7bdc3\" data-element_type=\"widget\" data-widget_type=\"text-editor.default\">\n\t\t\t\t<div class=\"elementor-widget-container\">\n\t\t\t\t\t\t\t<h3><strong>4. Provenance des donn\u00e9es que nous d\u00e9tenons sur vous<\/strong><\/h3>\t\t\t\t\t\t<\/div>\n\t\t\t\t<\/div>\n\t\t\t\t<div class=\"elementor-element elementor-element-a84c34a elementor-widget elementor-widget-text-editor\" data-id=\"a84c34a\" data-element_type=\"widget\" data-widget_type=\"text-editor.default\">\n\t\t\t\t<div class=\"elementor-widget-container\">\n\t\t\t\t\t\t\t<p>Nous collectons des donn\u00e9es personnelles directement aupr\u00e8s de vous. Mais nous pouvons aussi collecter des donn\u00e9es personnelles d\u2019autres sources telles que\u00a0:<\/p><ul><li>Des donn\u00e9es que vous avez rendues publiques sur des r\u00e9seaux sociaux<\/li><li>Des donn\u00e9es fournies par nos clients, nos fournisseurs ou nos partenaires dans le cadre de vos activit\u00e9s professionnelles<\/li><\/ul>\t\t\t\t\t\t<\/div>\n\t\t\t\t<\/div>\n\t\t\t\t<div class=\"elementor-element elementor-element-9d611d0 elementor-widget elementor-widget-text-editor\" data-id=\"9d611d0\" data-element_type=\"widget\" data-widget_type=\"text-editor.default\">\n\t\t\t\t<div class=\"elementor-widget-container\">\n\t\t\t\t\t\t\t<h3><strong>5. Partage de vos donn\u00e9es personnelles<\/strong><\/h3>\t\t\t\t\t\t<\/div>\n\t\t\t\t<\/div>\n\t\t\t\t<div class=\"elementor-element elementor-element-99e1dde elementor-widget elementor-widget-text-editor\" data-id=\"99e1dde\" data-element_type=\"widget\" data-widget_type=\"text-editor.default\">\n\t\t\t\t<div class=\"elementor-widget-container\">\n\t\t\t\t\t\t\t<p>Afin de r\u00e9aliser les traitements d\u00e9crits dans cette politique de confidentialit\u00e9, nous sommes susceptibles, lorsque cela est n\u00e9cessaire, de partager vos donn\u00e9es personnelles avec :<\/p><ul><li>des organismes qui nous fournissent des prestations pour notre compte\u00a0:<ul><li>services informatiques<\/li><li>services de t\u00e9l\u00e9communication<\/li><\/ul><\/li><li>des sous-traitants qui r\u00e9alisent des prestations pour notre compte\u00a0:<ul><li>gestion de notre comptabilit\u00e9<\/li><\/ul><\/li><li>des organismes pour l\u2019\u00e9tablissement de partenariats<\/li><li>des autorit\u00e9s fiscales, administratives, p\u00e9nales ou judiciaires, locales ou \u00e9trang\u00e8res, des arbitres ou des m\u00e9diateurs, des autorit\u00e9s ou des \u00e9tablissements ou institutions publics (tels que la CNIL), \u00e0 qui nous sommes tenus de divulguer des donn\u00e9es \u00e0 leur demande, dans le cadre de notre d\u00e9fense, une action ou une proc\u00e9dure, afin de nous conformer \u00e0 une r\u00e9glementation ou une recommandation \u00e9manant d\u2019une autorit\u00e9 comp\u00e9tente \u00e0 notre \u00e9gard<\/li><\/ul>\t\t\t\t\t\t<\/div>\n\t\t\t\t<\/div>\n\t\t\t\t<div class=\"elementor-element elementor-element-b2d96f1 elementor-widget elementor-widget-text-editor\" data-id=\"b2d96f1\" data-element_type=\"widget\" data-widget_type=\"text-editor.default\">\n\t\t\t\t<div class=\"elementor-widget-container\">\n\t\t\t\t\t\t\t<h3><strong>6. Transfert de vos donn\u00e9es personnelles en dehors de l\u2019Espace Economique Europ\u00e9en (EEE)<\/strong><\/h3>\t\t\t\t\t\t<\/div>\n\t\t\t\t<\/div>\n\t\t\t\t<div class=\"elementor-element elementor-element-d1eba33 elementor-widget elementor-widget-text-editor\" data-id=\"d1eba33\" data-element_type=\"widget\" data-widget_type=\"text-editor.default\">\n\t\t\t\t<div class=\"elementor-widget-container\">\n\t\t\t\t\t\t\t<p>Dans le cadre de nos activit\u00e9s, nous avons recours \u00e0 des organismes qui traitent ou peuvent traiter vos donn\u00e9es personnelles aux Etats-Unis. N\u00e9anmoins la Commission Europ\u00e9enne consid\u00e8re que ces organismes apportent un niveau de protection de vos donn\u00e9es personnelles \u00e9quivalent \u00e0 celui exig\u00e9 dans l\u2019Espace Economique Europ\u00e9en par le RGPD.<\/p>\t\t\t\t\t\t<\/div>\n\t\t\t\t<\/div>\n\t\t\t\t\t<\/div>\n\t\t\t\t<\/div>\n\t\t\t\t\t\t\t<\/div>\n\t\t","protected":false},"excerpt":{"rendered":"<p>Politique de confidentialit\u00e9 Politique de confidentialit\u00e9 mise \u00e0 jour le 12\/02\/2024 Identit\u00e9 du responsable de traitement\u00a0: DELFENO Coordonn\u00e9es du responsable de traitement : 2 rue Jeanne Blanchot 77590 Bois le Roi 1. Personnes concern\u00e9es par cette politique de confidentialit\u00e9 Delfeno (\u00ab\u00a0Nous\u00a0\u00bb), en tant que responsable de traitement, est responsable de la collecte et du traitement [&hellip;]<\/p>\n","protected":false},"author":1,"featured_media":0,"parent":0,"menu_order":0,"comment_status":"closed","ping_status":"closed","template":"","meta":{"footnotes":""},"class_list":["post-356","page","type-page","status-publish","hentry","entry"],"yoast_head":"<!-- This site is optimized with the Yoast SEO plugin v21.7 - https:\/\/yoast.com\/wordpress\/plugins\/seo\/ -->\n<title>Politique de confidentialit\u00e9 - Delfeno<\/title>\n<meta name=\"robots\" content=\"noindex, follow\" \/>\n<meta property=\"og:locale\" content=\"en_US\" \/>\n<meta property=\"og:type\" content=\"article\" \/>\n<meta property=\"og:title\" content=\"Politique de confidentialit\u00e9 - Delfeno\" \/>\n<meta property=\"og:description\" content=\"Politique de confidentialit\u00e9 Politique de confidentialit\u00e9 mise \u00e0 jour le 12\/02\/2024 Identit\u00e9 du responsable de traitement\u00a0: DELFENO Coordonn\u00e9es du responsable de traitement : 2 rue Jeanne Blanchot 77590 Bois le Roi 1. Personnes concern\u00e9es par cette politique de confidentialit\u00e9 Delfeno (\u00ab\u00a0Nous\u00a0\u00bb), en tant que responsable de traitement, est responsable de la collecte et du traitement [&hellip;]\" \/>\n<meta property=\"og:url\" content=\"https:\/\/delfeno.fr\/index.php\/politique-de-confidentialite-2\/\" \/>\n<meta property=\"og:site_name\" content=\"Delfeno\" \/>\n<meta property=\"article:modified_time\" content=\"2024-03-15T22:25:53+00:00\" \/>\n<meta property=\"og:image\" content=\"http:\/\/delfeno.fr\/wp-content\/uploads\/2024\/02\/Finalites_obligations_legales-1024x389.jpg\" \/>\n<meta name=\"twitter:card\" content=\"summary_large_image\" \/>\n<meta name=\"twitter:label1\" content=\"Est. reading time\" \/>\n\t<meta name=\"twitter:data1\" content=\"5 minutes\" \/>\n<script type=\"application\/ld+json\" class=\"yoast-schema-graph\">{\"@context\":\"https:\/\/schema.org\",\"@graph\":[{\"@type\":\"WebPage\",\"@id\":\"https:\/\/delfeno.fr\/index.php\/politique-de-confidentialite-2\/\",\"url\":\"https:\/\/delfeno.fr\/index.php\/politique-de-confidentialite-2\/\",\"name\":\"Politique de confidentialit\u00e9 - Delfeno\",\"isPartOf\":{\"@id\":\"https:\/\/delfeno.fr\/#website\"},\"datePublished\":\"2024-02-12T21:16:12+00:00\",\"dateModified\":\"2024-03-15T22:25:53+00:00\",\"breadcrumb\":{\"@id\":\"https:\/\/delfeno.fr\/index.php\/politique-de-confidentialite-2\/#breadcrumb\"},\"inLanguage\":\"en-US\",\"potentialAction\":[{\"@type\":\"ReadAction\",\"target\":[\"https:\/\/delfeno.fr\/index.php\/politique-de-confidentialite-2\/\"]}]},{\"@type\":\"BreadcrumbList\",\"@id\":\"https:\/\/delfeno.fr\/index.php\/politique-de-confidentialite-2\/#breadcrumb\",\"itemListElement\":[{\"@type\":\"ListItem\",\"position\":1,\"name\":\"Home\",\"item\":\"https:\/\/delfeno.fr\/\"},{\"@type\":\"ListItem\",\"position\":2,\"name\":\"Politique de confidentialit\u00e9\"}]},{\"@type\":\"WebSite\",\"@id\":\"https:\/\/delfeno.fr\/#website\",\"url\":\"https:\/\/delfeno.fr\/\",\"name\":\"Delfeno\",\"description\":\"Expert RGPD\",\"publisher\":{\"@id\":\"https:\/\/delfeno.fr\/#organization\"},\"potentialAction\":[{\"@type\":\"SearchAction\",\"target\":{\"@type\":\"EntryPoint\",\"urlTemplate\":\"https:\/\/delfeno.fr\/?s={search_term_string}\"},\"query-input\":\"required name=search_term_string\"}],\"inLanguage\":\"en-US\"},{\"@type\":\"Organization\",\"@id\":\"https:\/\/delfeno.fr\/#organization\",\"name\":\"Delfeno\",\"url\":\"https:\/\/delfeno.fr\/\",\"logo\":{\"@type\":\"ImageObject\",\"inLanguage\":\"en-US\",\"@id\":\"https:\/\/delfeno.fr\/#\/schema\/logo\/image\/\",\"url\":\"https:\/\/delfeno.fr\/wp-content\/uploads\/2023\/12\/cropped-Logo-bleu.png\",\"contentUrl\":\"https:\/\/delfeno.fr\/wp-content\/uploads\/2023\/12\/cropped-Logo-bleu.png\",\"width\":2960,\"height\":845,\"caption\":\"Delfeno\"},\"image\":{\"@id\":\"https:\/\/delfeno.fr\/#\/schema\/logo\/image\/\"}}]}<\/script>\n<!-- \/ Yoast SEO plugin. -->","yoast_head_json":{"title":"Politique de confidentialit\u00e9 - Delfeno","robots":{"index":"noindex","follow":"follow"},"og_locale":"en_US","og_type":"article","og_title":"Politique de confidentialit\u00e9 - Delfeno","og_description":"Politique de confidentialit\u00e9 Politique de confidentialit\u00e9 mise \u00e0 jour le 12\/02\/2024 Identit\u00e9 du responsable de traitement\u00a0: DELFENO Coordonn\u00e9es du responsable de traitement : 2 rue Jeanne Blanchot 77590 Bois le Roi 1. Personnes concern\u00e9es par cette politique de confidentialit\u00e9 Delfeno (\u00ab\u00a0Nous\u00a0\u00bb), en tant que responsable de traitement, est responsable de la collecte et du traitement [&hellip;]","og_url":"https:\/\/delfeno.fr\/index.php\/politique-de-confidentialite-2\/","og_site_name":"Delfeno","article_modified_time":"2024-03-15T22:25:53+00:00","og_image":[{"url":"http:\/\/delfeno.fr\/wp-content\/uploads\/2024\/02\/Finalites_obligations_legales-1024x389.jpg"}],"twitter_card":"summary_large_image","twitter_misc":{"Est. reading time":"5 minutes"},"schema":{"@context":"https:\/\/schema.org","@graph":[{"@type":"WebPage","@id":"https:\/\/delfeno.fr\/index.php\/politique-de-confidentialite-2\/","url":"https:\/\/delfeno.fr\/index.php\/politique-de-confidentialite-2\/","name":"Politique de confidentialit\u00e9 - Delfeno","isPartOf":{"@id":"https:\/\/delfeno.fr\/#website"},"datePublished":"2024-02-12T21:16:12+00:00","dateModified":"2024-03-15T22:25:53+00:00","breadcrumb":{"@id":"https:\/\/delfeno.fr\/index.php\/politique-de-confidentialite-2\/#breadcrumb"},"inLanguage":"en-US","potentialAction":[{"@type":"ReadAction","target":["https:\/\/delfeno.fr\/index.php\/politique-de-confidentialite-2\/"]}]},{"@type":"BreadcrumbList","@id":"https:\/\/delfeno.fr\/index.php\/politique-de-confidentialite-2\/#breadcrumb","itemListElement":[{"@type":"ListItem","position":1,"name":"Home","item":"https:\/\/delfeno.fr\/"},{"@type":"ListItem","position":2,"name":"Politique de confidentialit\u00e9"}]},{"@type":"WebSite","@id":"https:\/\/delfeno.fr\/#website","url":"https:\/\/delfeno.fr\/","name":"Delfeno","description":"Expert RGPD","publisher":{"@id":"https:\/\/delfeno.fr\/#organization"},"potentialAction":[{"@type":"SearchAction","target":{"@type":"EntryPoint","urlTemplate":"https:\/\/delfeno.fr\/?s={search_term_string}"},"query-input":"required name=search_term_string"}],"inLanguage":"en-US"},{"@type":"Organization","@id":"https:\/\/delfeno.fr\/#organization","name":"Delfeno","url":"https:\/\/delfeno.fr\/","logo":{"@type":"ImageObject","inLanguage":"en-US","@id":"https:\/\/delfeno.fr\/#\/schema\/logo\/image\/","url":"https:\/\/delfeno.fr\/wp-content\/uploads\/2023\/12\/cropped-Logo-bleu.png","contentUrl":"https:\/\/delfeno.fr\/wp-content\/uploads\/2023\/12\/cropped-Logo-bleu.png","width":2960,"height":845,"caption":"Delfeno"},"image":{"@id":"https:\/\/delfeno.fr\/#\/schema\/logo\/image\/"}}]}},"_links":{"self":[{"href":"https:\/\/delfeno.fr\/index.php\/wp-json\/wp\/v2\/pages\/356","targetHints":{"allow":["GET"]}}],"collection":[{"href":"https:\/\/delfeno.fr\/index.php\/wp-json\/wp\/v2\/pages"}],"about":[{"href":"https:\/\/delfeno.fr\/index.php\/wp-json\/wp\/v2\/types\/page"}],"author":[{"embeddable":true,"href":"https:\/\/delfeno.fr\/index.php\/wp-json\/wp\/v2\/users\/1"}],"replies":[{"embeddable":true,"href":"https:\/\/delfeno.fr\/index.php\/wp-json\/wp\/v2\/comments?post=356"}],"version-history":[{"count":47,"href":"https:\/\/delfeno.fr\/index.php\/wp-json\/wp\/v2\/pages\/356\/revisions"}],"predecessor-version":[{"id":406,"href":"https:\/\/delfeno.fr\/index.php\/wp-json\/wp\/v2\/pages\/356\/revisions\/406"}],"wp:attachment":[{"href":"https:\/\/delfeno.fr\/index.php\/wp-json\/wp\/v2\/media?parent=356"}],"curies":[{"name":"wp","href":"https:\/\/api.w.org\/{rel}","templated":true}]}}