{"id":23,"date":"2023-12-24T10:40:19","date_gmt":"2023-12-24T09:40:19","guid":{"rendered":"https:\/\/delfeno.fr\/?page_id=23"},"modified":"2024-03-15T23:25:13","modified_gmt":"2024-03-15T22:25:13","slug":"mentions-legales","status":"publish","type":"page","link":"https:\/\/delfeno.fr\/index.php\/mentions-legales\/","title":{"rendered":"Mentions l\u00e9gales"},"content":{"rendered":"\t\t<div data-elementor-type=\"wp-page\" data-elementor-id=\"23\" class=\"elementor elementor-23\">\n\t\t\t\t\t\t\t<div class=\"elementor-element elementor-element-a6386f1 e-flex e-con-boxed e-con e-parent\" data-id=\"a6386f1\" data-element_type=\"container\" data-settings=\"{&quot;content_width&quot;:&quot;boxed&quot;}\" data-core-v316-plus=\"true\">\n\t\t\t\t\t<div class=\"e-con-inner\">\n\t\t\t\t<div class=\"elementor-element elementor-element-7a17428 elementor-widget elementor-widget-heading\" data-id=\"7a17428\" data-element_type=\"widget\" data-widget_type=\"heading.default\">\n\t\t\t\t<div class=\"elementor-widget-container\">\n\t\t\t<style>\/*! elementor - v3.18.0 - 20-12-2023 *\/\n.elementor-heading-title{padding:0;margin:0;line-height:1}.elementor-widget-heading .elementor-heading-title[class*=elementor-size-]>a{color:inherit;font-size:inherit;line-height:inherit}.elementor-widget-heading .elementor-heading-title.elementor-size-small{font-size:15px}.elementor-widget-heading .elementor-heading-title.elementor-size-medium{font-size:19px}.elementor-widget-heading .elementor-heading-title.elementor-size-large{font-size:29px}.elementor-widget-heading .elementor-heading-title.elementor-size-xl{font-size:39px}.elementor-widget-heading .elementor-heading-title.elementor-size-xxl{font-size:59px}<\/style><h3 class=\"elementor-heading-title elementor-size-default\">Mentions l\u00e9gales<\/h3>\t\t<\/div>\n\t\t\t\t<\/div>\n\t\t\t\t\t<\/div>\n\t\t\t\t<\/div>\n\t\t<div class=\"elementor-element elementor-element-adeb7b8 e-flex e-con-boxed e-con e-parent\" data-id=\"adeb7b8\" data-element_type=\"container\" data-settings=\"{&quot;content_width&quot;:&quot;boxed&quot;}\" data-core-v316-plus=\"true\">\n\t\t\t\t\t<div class=\"e-con-inner\">\n\t\t\t\t<div class=\"elementor-element elementor-element-cf0d393 elementor-widget elementor-widget-heading\" data-id=\"cf0d393\" data-element_type=\"widget\" data-widget_type=\"heading.default\">\n\t\t\t\t<div class=\"elementor-widget-container\">\n\t\t\t<p class=\"elementor-heading-title elementor-size-default\">Nom de l'entreprise : DELFENO <br>\nForme juridique : Soci\u00e9t\u00e9 par Actions Simplifi\u00e9e Unipersonnelle (SASU)<br>\nAdresse du si\u00e8ge social : 2 rue Jeanne Blanchot - 77590 Bois le Roi - France<br>\nMontant du capital social : 1000 euros<br>\nNum\u00e9ro d'immatriculation RCS ou RM : 890 807 522 RCS Melun<br>\nNum\u00e9ro de TVA intracommunautaire : FR22890807522<br>\nNom du directeur de la publication : Fr\u00e9d\u00e9ric TRAN<br>\nH\u00e9bergeur : OVH SAS<br>\nAdresse de l'h\u00e9bergeur : 2 rue Kellermann - 59100 Roubaix - France<\/p>\t\t<\/div>\n\t\t\t\t<\/div>\n\t\t\t\t\t<\/div>\n\t\t\t\t<\/div>\n\t\t\t\t\t\t\t<\/div>\n\t\t","protected":false},"excerpt":{"rendered":"<p>Mentions l\u00e9gales Nom de l&#8217;entreprise : DELFENO Forme juridique : Soci\u00e9t\u00e9 par Actions Simplifi\u00e9e Unipersonnelle (SASU) Adresse du si\u00e8ge social : 2 rue Jeanne Blanchot &#8211; 77590 Bois le Roi &#8211; France Montant du capital social : 1000 euros Num\u00e9ro d&#8217;immatriculation RCS ou RM : 890 807 522 RCS Melun Num\u00e9ro de TVA intracommunautaire : [&hellip;]<\/p>\n","protected":false},"author":1,"featured_media":0,"parent":0,"menu_order":0,"comment_status":"closed","ping_status":"closed","template":"","meta":{"footnotes":""},"class_list":["post-23","page","type-page","status-publish","hentry","entry"],"yoast_head":"<!-- This site is optimized with the Yoast SEO plugin v21.7 - https:\/\/yoast.com\/wordpress\/plugins\/seo\/ -->\n<title>Mentions l\u00e9gales - Delfeno<\/title>\n<meta name=\"robots\" content=\"noindex, follow\" \/>\n<meta property=\"og:locale\" content=\"en_US\" \/>\n<meta property=\"og:type\" content=\"article\" \/>\n<meta property=\"og:title\" content=\"Mentions l\u00e9gales - Delfeno\" \/>\n<meta property=\"og:description\" content=\"Mentions l\u00e9gales Nom de l&#8217;entreprise : DELFENO Forme juridique : Soci\u00e9t\u00e9 par Actions Simplifi\u00e9e Unipersonnelle (SASU) Adresse du si\u00e8ge social : 2 rue Jeanne Blanchot &#8211; 77590 Bois le Roi &#8211; France Montant du capital social : 1000 euros Num\u00e9ro d&#8217;immatriculation RCS ou RM : 890 807 522 RCS Melun Num\u00e9ro de TVA intracommunautaire : [&hellip;]\" \/>\n<meta property=\"og:url\" content=\"https:\/\/delfeno.fr\/index.php\/mentions-legales\/\" \/>\n<meta property=\"og:site_name\" content=\"Delfeno\" \/>\n<meta property=\"article:modified_time\" content=\"2024-03-15T22:25:13+00:00\" \/>\n<meta name=\"twitter:card\" content=\"summary_large_image\" \/>\n<meta name=\"twitter:label1\" content=\"Est. reading time\" \/>\n\t<meta name=\"twitter:data1\" content=\"1 minute\" \/>\n<script type=\"application\/ld+json\" class=\"yoast-schema-graph\">{\"@context\":\"https:\/\/schema.org\",\"@graph\":[{\"@type\":\"WebPage\",\"@id\":\"https:\/\/delfeno.fr\/index.php\/mentions-legales\/\",\"url\":\"https:\/\/delfeno.fr\/index.php\/mentions-legales\/\",\"name\":\"Mentions l\u00e9gales - Delfeno\",\"isPartOf\":{\"@id\":\"https:\/\/delfeno.fr\/#website\"},\"datePublished\":\"2023-12-24T09:40:19+00:00\",\"dateModified\":\"2024-03-15T22:25:13+00:00\",\"breadcrumb\":{\"@id\":\"https:\/\/delfeno.fr\/index.php\/mentions-legales\/#breadcrumb\"},\"inLanguage\":\"en-US\",\"potentialAction\":[{\"@type\":\"ReadAction\",\"target\":[\"https:\/\/delfeno.fr\/index.php\/mentions-legales\/\"]}]},{\"@type\":\"BreadcrumbList\",\"@id\":\"https:\/\/delfeno.fr\/index.php\/mentions-legales\/#breadcrumb\",\"itemListElement\":[{\"@type\":\"ListItem\",\"position\":1,\"name\":\"Home\",\"item\":\"https:\/\/delfeno.fr\/\"},{\"@type\":\"ListItem\",\"position\":2,\"name\":\"Mentions l\u00e9gales\"}]},{\"@type\":\"WebSite\",\"@id\":\"https:\/\/delfeno.fr\/#website\",\"url\":\"https:\/\/delfeno.fr\/\",\"name\":\"Delfeno\",\"description\":\"Expert RGPD\",\"publisher\":{\"@id\":\"https:\/\/delfeno.fr\/#organization\"},\"potentialAction\":[{\"@type\":\"SearchAction\",\"target\":{\"@type\":\"EntryPoint\",\"urlTemplate\":\"https:\/\/delfeno.fr\/?s={search_term_string}\"},\"query-input\":\"required name=search_term_string\"}],\"inLanguage\":\"en-US\"},{\"@type\":\"Organization\",\"@id\":\"https:\/\/delfeno.fr\/#organization\",\"name\":\"Delfeno\",\"url\":\"https:\/\/delfeno.fr\/\",\"logo\":{\"@type\":\"ImageObject\",\"inLanguage\":\"en-US\",\"@id\":\"https:\/\/delfeno.fr\/#\/schema\/logo\/image\/\",\"url\":\"https:\/\/delfeno.fr\/wp-content\/uploads\/2023\/12\/cropped-Logo-bleu.png\",\"contentUrl\":\"https:\/\/delfeno.fr\/wp-content\/uploads\/2023\/12\/cropped-Logo-bleu.png\",\"width\":2960,\"height\":845,\"caption\":\"Delfeno\"},\"image\":{\"@id\":\"https:\/\/delfeno.fr\/#\/schema\/logo\/image\/\"}}]}<\/script>\n<!-- \/ Yoast SEO plugin. -->","yoast_head_json":{"title":"Mentions l\u00e9gales - Delfeno","robots":{"index":"noindex","follow":"follow"},"og_locale":"en_US","og_type":"article","og_title":"Mentions l\u00e9gales - Delfeno","og_description":"Mentions l\u00e9gales Nom de l&#8217;entreprise : DELFENO Forme juridique : Soci\u00e9t\u00e9 par Actions Simplifi\u00e9e Unipersonnelle (SASU) Adresse du si\u00e8ge social : 2 rue Jeanne Blanchot &#8211; 77590 Bois le Roi &#8211; France Montant du capital social : 1000 euros Num\u00e9ro d&#8217;immatriculation RCS ou RM : 890 807 522 RCS Melun Num\u00e9ro de TVA intracommunautaire : [&hellip;]","og_url":"https:\/\/delfeno.fr\/index.php\/mentions-legales\/","og_site_name":"Delfeno","article_modified_time":"2024-03-15T22:25:13+00:00","twitter_card":"summary_large_image","twitter_misc":{"Est. reading time":"1 minute"},"schema":{"@context":"https:\/\/schema.org","@graph":[{"@type":"WebPage","@id":"https:\/\/delfeno.fr\/index.php\/mentions-legales\/","url":"https:\/\/delfeno.fr\/index.php\/mentions-legales\/","name":"Mentions l\u00e9gales - Delfeno","isPartOf":{"@id":"https:\/\/delfeno.fr\/#website"},"datePublished":"2023-12-24T09:40:19+00:00","dateModified":"2024-03-15T22:25:13+00:00","breadcrumb":{"@id":"https:\/\/delfeno.fr\/index.php\/mentions-legales\/#breadcrumb"},"inLanguage":"en-US","potentialAction":[{"@type":"ReadAction","target":["https:\/\/delfeno.fr\/index.php\/mentions-legales\/"]}]},{"@type":"BreadcrumbList","@id":"https:\/\/delfeno.fr\/index.php\/mentions-legales\/#breadcrumb","itemListElement":[{"@type":"ListItem","position":1,"name":"Home","item":"https:\/\/delfeno.fr\/"},{"@type":"ListItem","position":2,"name":"Mentions l\u00e9gales"}]},{"@type":"WebSite","@id":"https:\/\/delfeno.fr\/#website","url":"https:\/\/delfeno.fr\/","name":"Delfeno","description":"Expert RGPD","publisher":{"@id":"https:\/\/delfeno.fr\/#organization"},"potentialAction":[{"@type":"SearchAction","target":{"@type":"EntryPoint","urlTemplate":"https:\/\/delfeno.fr\/?s={search_term_string}"},"query-input":"required name=search_term_string"}],"inLanguage":"en-US"},{"@type":"Organization","@id":"https:\/\/delfeno.fr\/#organization","name":"Delfeno","url":"https:\/\/delfeno.fr\/","logo":{"@type":"ImageObject","inLanguage":"en-US","@id":"https:\/\/delfeno.fr\/#\/schema\/logo\/image\/","url":"https:\/\/delfeno.fr\/wp-content\/uploads\/2023\/12\/cropped-Logo-bleu.png","contentUrl":"https:\/\/delfeno.fr\/wp-content\/uploads\/2023\/12\/cropped-Logo-bleu.png","width":2960,"height":845,"caption":"Delfeno"},"image":{"@id":"https:\/\/delfeno.fr\/#\/schema\/logo\/image\/"}}]}},"_links":{"self":[{"href":"https:\/\/delfeno.fr\/index.php\/wp-json\/wp\/v2\/pages\/23","targetHints":{"allow":["GET"]}}],"collection":[{"href":"https:\/\/delfeno.fr\/index.php\/wp-json\/wp\/v2\/pages"}],"about":[{"href":"https:\/\/delfeno.fr\/index.php\/wp-json\/wp\/v2\/types\/page"}],"author":[{"embeddable":true,"href":"https:\/\/delfeno.fr\/index.php\/wp-json\/wp\/v2\/users\/1"}],"replies":[{"embeddable":true,"href":"https:\/\/delfeno.fr\/index.php\/wp-json\/wp\/v2\/comments?post=23"}],"version-history":[{"count":22,"href":"https:\/\/delfeno.fr\/index.php\/wp-json\/wp\/v2\/pages\/23\/revisions"}],"predecessor-version":[{"id":345,"href":"https:\/\/delfeno.fr\/index.php\/wp-json\/wp\/v2\/pages\/23\/revisions\/345"}],"wp:attachment":[{"href":"https:\/\/delfeno.fr\/index.php\/wp-json\/wp\/v2\/media?parent=23"}],"curies":[{"name":"wp","href":"https:\/\/api.w.org\/{rel}","templated":true}]}}